{"id":84,"date":"2021-09-21T15:12:10","date_gmt":"2021-09-21T13:12:10","guid":{"rendered":"https:\/\/maklerbestand-verkaufen.com\/?page_id=84"},"modified":"2021-09-21T15:37:20","modified_gmt":"2021-09-21T13:37:20","slug":"impressum","status":"publish","type":"page","link":"https:\/\/maklerbestand-verkaufen.com\/index.php\/impressum\/","title":{"rendered":"Impressum"},"content":{"rendered":"\n<h4 class=\"wp-block-heading\">Impressum<\/h4>\n\n\n\n<p>Angaben gem\u00e4\u00df \u00a7 5 TMG und Verantwortlicher i.S.d. \u00a7 18 Abs. 2 MStV<\/p>\n\n\n\n<p>Andr\u00e9 B\u00f6ttcher<br>Versicherungsmakler<br>Finanz- &amp; Versicherungsfachmann (BWV)<br>Carola-Neher-Stra\u00dfe 66, 12619 Berlin<\/p>\n\n\n\n<p>Kontakt<br>Telefon: 030. 56 555 940<br>Fax: 030.56 555 941<br>E-Mail: info (at-zeichen einsetzen) andre-boettcher (und einen punkt) de<\/p>\n\n\n\n<p>Umsatzsteuer-Identifikationsnummer gem\u00e4\u00df \u00a727 a Umsatzsteuergesetz: DE323488019<\/p>\n\n\n\n<p>_____<\/p>\n\n\n\n<p><strong>Streitschlichtung<\/strong><br>Die Europ\u00e4ische Kommission stellt eine Plattform zur Online-Streitbeilegung (OS) bereit: <a href=\"https:\/\/ec.europa.eu\/consumers\/odr\" target=\"_blank\" rel=\"noreferrer noopener\">https:\/\/ec.europa.eu\/consumers\/odr<\/a>.<br>Unsere E-Mail-Adresse finden Sie weiter oben auf dieser Seite.<\/p>\n\n\n\n<p>Wir sind nicht bereit oder verpflichtet, an Streitbeilegungsverfahren vor einer Verbraucherschlichtungsstelle teilzunehmen.<\/p>\n\n\n\n<p><strong>Urheberrecht<\/strong><br>Die durch die Seitenbetreiber erstellten Inhalte und Werke auf diesen Seiten unterliegen dem deutschen Urheberrecht. Die Vervielf\u00e4ltigung, Bearbeitung, Verbreitung und jede Art der Verwertung au\u00dferhalb der Grenzen des Urheberrechtes bed\u00fcrfen der schriftlichen Zustimmung des jeweiligen Autors bzw. Erstellers. Downloads und Kopien dieser Seite sind nur f\u00fcr den privaten, nicht kommerziellen Gebrauch gestattet.<\/p>\n\n\n\n<p>Soweit die Inhalte auf dieser Seite nicht vom Betreiber erstellt wurden, werden die Urheberrechte Dritter beachtet. Insbesondere werden Inhalte Dritter als solche gekennzeichnet. Sollten Sie trotzdem auf eine Urheberrechtsverletzung aufmerksam werden, bitten wir um einen entsprechenden Hinweis. Bei Bekanntwerden von Rechtsverletzungen werden wir derartige Inhalte umgehend entfernen.<\/p>\n\n\n\n<p><strong>Haftungsausschluss<\/strong><br>Andr\u00e9 B\u00f6ttcher \u00fcbernimmt keinerlei Gew\u00e4hr f\u00fcr die Aktualit\u00e4t, Korrektheit, Vollst\u00e4ndigkeit oder Qualit\u00e4t der bereitgestellten Informationen. Andr\u00e9 B\u00f6ttcher beh\u00e4lt es sich ausdr\u00fccklich vor, Teile der Seiten oder das gesamte Angebot ohne gesonderte Ank\u00fcndigung zu ver\u00e4ndern, zu erg\u00e4nzen, zu l\u00f6schen oder die Ver\u00f6ffentlichung zeitweise oder endg\u00fcltig einzustellen.<\/p>\n\n\n\n<p><strong>Bilder \u2013 Lizenen<\/strong><br>N\u00e4here Informationen und Nachweise finden Sie<\/p>\n\n\n\n<p>_____<\/p>\n\n\n\n<p>Andr\u00e9 B\u00f6ttcher<br>Versicherungsmakler<br>Finanz- &amp; Versicherungsfachmann (BWV)<\/p>\n\n\n\n<p>Anschrift<br>Carola-Neher-Str. 66, D-12619 Berlin<\/p>\n\n\n\n<p>Erlaubnis und Aufsichtsbeh\u00f6rde nach \u00a7 34 d Abs. 1 GewO, erteilt durch die IHK Berlin | Fasanenstr. 85 | 10623 Berlin | Internet: www.ihk-berlin.de<\/p>\n\n\n\n<p>Verm\u00f6gensschaden-Haftpflicht | Berufshaftpflichtversicherung gem. \u00a7 34 d Absatz 1 GewO<br>Risikotr\u00e4ger \/ Versicherer: R+V Allgemeine Versicherung AG | Raiffeisenplatz 1 | 65189 Wiesbaden | Internet: www.ruv.de<\/p>\n\n\n\n<p><strong>Registernummer<\/strong><br>D-O5GZ-7E2LH-64<\/p>\n\n\n\n<p><strong>Vermittlerregister<\/strong><br>DIHK | Deutscher Industrie- und Handelskammertag e.V.<br>Breite Stra\u00dfe 29<br>D-10178 Berlin<\/p>\n\n\n\n<p>Telefon: (0 180) 60 05 85 0 (Festnetzpreis 0,20 \u20ac\/ Anruf; Mobilfunkpreise maximal 0,60 \u20ac\/Anruf)<br>Telefax: 030 20308-1000<br>E-Mail: <a href=\"mailto:vr@dihk.de\">vr@dihk.de<\/a><br>Internet: <a href=\"http:\/\/www.vermittlerregister.info\" target=\"_blank\" rel=\"noreferrer noopener\">www.vermittlerregister.info<\/a><br>Mitglied der Industrie-und Handelskammer Berlin | Fasanenstr. 85 | 10623 Berlin<\/p>\n\n\n\n<p><strong>Berufsbezeichnung<\/strong><br>Versicherungsmakler mit Erlaubnis nach \u00a7 34d Abs. 1 GewO; Bundesrepublik Deutschland<\/p>\n\n\n\n<p><strong>Berufsrechtliche Regelungen<\/strong><br>\u00a7 34 d Gewerbeordnung; \u00a7\u00a7 59-68 VVG, VersVermV Die berufsrechtlichen Regelungen k\u00f6nnen \u00fcber die vom Bundesministerium der Justiz und von der juris GmbH betriebenen Homepage www.gesetze-im-internet.de eingesehen und abgerufen werden. Es bestehen keine direkten oder indirekten Beteiligungen von \u00fcber 10 % an Stimmrechten oder Kapital eines Versicherungsunternehmens. Umgekehrt bestehen keine direkten oder indirekten Beteiligungen eines Versicherungsunternehmens an Stimmrechten oder Kapital des Andr\u00e9 B\u00f6ttcher.<\/p>\n\n\n\n<p><strong>Schlichtungsstellen<br><\/strong>Versicherungsombudsmann e.V.<br>Postfach 08 06 32<br>10006 Berlin<br>Telefon: +49 30 20 60 58 \u2013 0<br>E-Mail: <a href=\"mailto:info@versicherungsombudsmann.de\">info@versicherungsombudsmann.de<\/a><br>Internet: <a href=\"http:\/\/www.versicherungsombudsmann.de\" target=\"_blank\" rel=\"noreferrer noopener\">www.versicherungsombudsmann.de<\/a><\/p>\n\n\n\n<p>_____<\/p>\n\n\n\n<p><strong>OMBUDSMANN<\/strong><br>Private Kranken- und Pflegeversicherung<br>Postfach 06 02 22<br>10052 Berlin<br>Telefon: 0800 2 55 04 44 (kostenfrei aus deutschen Telefonnetzen)<br>Telefax: 030 20 45 89 31<br>E-Mail: <a href=\"mailto:ombudsmann@pkv-ombudsmann.de\">ombudsmann@pkv-ombudsmann.de<\/a><br>Internet: <a href=\"http:\/\/www.pkv-ombudsmann.de\" target=\"_blank\" rel=\"noreferrer noopener\">www.pkv-ombudsmann.de<\/a><\/p>\n\n\n\n<p>_____<\/p>\n\n\n\n<p><strong>Banken- und Versicherungsaufsicht<br><\/strong>Anschrift Bonn<br>Bundesanstalt f\u00fcr Finanzdienstleistungsaufsicht (BaFin)<br>Graurheindorfer Str. 108<br>53117 Bonn<\/p>\n\n\n\n<p>Postfach 1253<br>53002 Bonn<br>Telefon: 0228 \/ 4108 \u2013 0<br>Telefax: 0228 \/ 4108 \u2013 1550<br>E-Mail: <a href=\"mailto:poststelle@bafin.de\">poststelle@bafin.de<\/a><br>De-Mail: <a href=\"mailto:poststelle@bafin.de-mail.de\">poststelle@bafin.de-mail.de<\/a><\/p>\n\n\n\n<p><\/p>\n\n\n\n<h3 class=\"wp-block-heading\">Verweise auf Internetseiten Dritter (Hyperlinks) \/ Affiliate-Links<br><\/h3>\n\n\n\n<p><\/p>\n\n\n\n<p>Wenn Sie auf der Internetseite von maklerbestand-verkaufen.com auf externe Links klicken (Text, Button etc.), verlassen Sie das Internetangebot maklerbestand-verkaufen.com und wechseln auf die Internetseite anderer Anbieter (Dritter). Andr\u00e9 B\u00f6ttcher (AB) hat keinen Einflu\u00df auf die Gestaltung und Inhalte dieser Internetseiten und deren Unterseiten. Daher wird keine Haftung f\u00fcr die dort vermittelten Informationen \u00fcbernommen. Der Haftunsgausschluss bezieht sich auf alle Bereiche der jeweils verlinkten Internetseite.<\/p>\n\n\n\n<p>Des Weiteren beinhaltet ein Verweis auf andere Internetseiten durch einen Hyperlink nicht, dass Andr\u00e9 B\u00f6ttcher die Inhalte der Internetseite oder die Produkte oder Dienstleistungen, die dort beschrieben werden, bef\u00fcrwortet oder f\u00fcr zuverl\u00e4ssig und fehlerlos befindet.<\/p>\n\n\n\n<p>Besonders weist Andr\u00e9 B\u00f6ttcher darauf hin, dass keine Verpflichtung besteht in bestimmten Abst\u00e4nden den Inhalt von anderen Internetseiten (Angebote, Informationen, Produkte, Dienstleistungen etc.) auf deren Strafbarkeit oder Rechtsverst\u00f6\u00dfe zu \u00fcberwachen und zu pr\u00fcfen.<\/p>\n\n\n\n<p>Bei verwendeten Links (Hyperlinks), die mit einem Stern (*) gekennzeichnet sind, handelt es sich um Affiliate-Links. Verwenden Sie nun diesen Link und schlie\u00dfen dann z. B. einen Vertrag ab oder f\u00fchren einen Kauf durch, so erhalte ich eine Provision vom Anbieter. F\u00fcr Sie entstehen keine Nachteile beim Kauf, Vertrag oder Preis.<\/p>\n","protected":false},"excerpt":{"rendered":"<p>Impressum Angaben gem\u00e4\u00df \u00a7 5 TMG und Verantwortlicher i.S.d. \u00a7 18 Abs. 2 MStV Andr\u00e9 B\u00f6ttcherVersicherungsmaklerFinanz- &amp; Versicherungsfachmann (BWV)Carola-Neher-Stra\u00dfe 66,&hellip;<\/p>\n","protected":false},"author":1,"featured_media":0,"parent":0,"menu_order":0,"comment_status":"closed","ping_status":"closed","template":"","meta":{"footnotes":""},"yoast_head":"<!-- This site is optimized with the Yoast SEO plugin v19.6 - https:\/\/yoast.com\/wordpress\/plugins\/seo\/ -->\n<title>Impressum - Maklerbestand verkaufen: 030.56 555 940 \u2713<\/title>\n<meta name=\"robots\" content=\"index, nofollow, max-video-preview:-1, noimageindex, noarchive, nosnippet\" \/>\n<link rel=\"canonical\" href=\"https:\/\/maklerbestand-verkaufen.com\/index.php\/impressum\/\" \/>\n<meta property=\"og:locale\" content=\"de_DE\" \/>\n<meta property=\"og:type\" content=\"article\" \/>\n<meta property=\"og:title\" content=\"Impressum - Maklerbestand verkaufen: 030.56 555 940 \u2713\" \/>\n<meta property=\"og:description\" content=\"Impressum Angaben gem\u00e4\u00df \u00a7 5 TMG und Verantwortlicher i.S.d. \u00a7 18 Abs. 2 MStV Andr\u00e9 B\u00f6ttcherVersicherungsmaklerFinanz- &amp; Versicherungsfachmann (BWV)Carola-Neher-Stra\u00dfe 66,&hellip;\" \/>\n<meta property=\"og:url\" content=\"https:\/\/maklerbestand-verkaufen.com\/index.php\/impressum\/\" \/>\n<meta property=\"og:site_name\" content=\"Maklerbestand verkaufen: 030.56 555 940 \u2713\" \/>\n<meta property=\"article:modified_time\" content=\"2021-09-21T13:37:20+00:00\" \/>\n<meta name=\"twitter:card\" content=\"summary_large_image\" \/>\n<meta name=\"twitter:label1\" content=\"Gesch\u00e4tzte Lesezeit\" \/>\n\t<meta name=\"twitter:data1\" content=\"4\u00a0Minuten\" \/>\n<script type=\"application\/ld+json\" class=\"yoast-schema-graph\">{\"@context\":\"https:\/\/schema.org\",\"@graph\":[{\"@type\":\"WebPage\",\"@id\":\"https:\/\/maklerbestand-verkaufen.com\/index.php\/impressum\/\",\"url\":\"https:\/\/maklerbestand-verkaufen.com\/index.php\/impressum\/\",\"name\":\"Impressum - Maklerbestand verkaufen: 030.56 555 940 \u2713\",\"isPartOf\":{\"@id\":\"https:\/\/maklerbestand-verkaufen.com\/#website\"},\"datePublished\":\"2021-09-21T13:12:10+00:00\",\"dateModified\":\"2021-09-21T13:37:20+00:00\",\"breadcrumb\":{\"@id\":\"https:\/\/maklerbestand-verkaufen.com\/index.php\/impressum\/#breadcrumb\"},\"inLanguage\":\"de\",\"potentialAction\":[{\"@type\":\"ReadAction\",\"target\":[\"https:\/\/maklerbestand-verkaufen.com\/index.php\/impressum\/\"]}]},{\"@type\":\"BreadcrumbList\",\"@id\":\"https:\/\/maklerbestand-verkaufen.com\/index.php\/impressum\/#breadcrumb\",\"itemListElement\":[{\"@type\":\"ListItem\",\"position\":1,\"name\":\"Startseite\",\"item\":\"https:\/\/maklerbestand-verkaufen.com\/\"},{\"@type\":\"ListItem\",\"position\":2,\"name\":\"Impressum\"}]},{\"@type\":\"WebSite\",\"@id\":\"https:\/\/maklerbestand-verkaufen.com\/#website\",\"url\":\"https:\/\/maklerbestand-verkaufen.com\/\",\"name\":\"Maklerbestand verkaufen: 030.56 555 940 \u2713\",\"description\":\"Berlin \u2705 Berlin\/Umland \u2705 deutschlandlandweit \u2705 \",\"potentialAction\":[{\"@type\":\"SearchAction\",\"target\":{\"@type\":\"EntryPoint\",\"urlTemplate\":\"https:\/\/maklerbestand-verkaufen.com\/?s={search_term_string}\"},\"query-input\":\"required name=search_term_string\"}],\"inLanguage\":\"de\"}]}<\/script>\n<!-- \/ Yoast SEO plugin. -->","yoast_head_json":{"title":"Impressum - Maklerbestand verkaufen: 030.56 555 940 \u2713","robots":{"index":"index","follow":"nofollow","max-video-preview":"max-video-preview:-1","imageindex":"noimageindex","archive":"noarchive","snippet":"nosnippet"},"canonical":"https:\/\/maklerbestand-verkaufen.com\/index.php\/impressum\/","og_locale":"de_DE","og_type":"article","og_title":"Impressum - Maklerbestand verkaufen: 030.56 555 940 \u2713","og_description":"Impressum Angaben gem\u00e4\u00df \u00a7 5 TMG und Verantwortlicher i.S.d. \u00a7 18 Abs. 2 MStV Andr\u00e9 B\u00f6ttcherVersicherungsmaklerFinanz- &amp; Versicherungsfachmann (BWV)Carola-Neher-Stra\u00dfe 66,&hellip;","og_url":"https:\/\/maklerbestand-verkaufen.com\/index.php\/impressum\/","og_site_name":"Maklerbestand verkaufen: 030.56 555 940 \u2713","article_modified_time":"2021-09-21T13:37:20+00:00","twitter_card":"summary_large_image","twitter_misc":{"Gesch\u00e4tzte Lesezeit":"4\u00a0Minuten"},"schema":{"@context":"https:\/\/schema.org","@graph":[{"@type":"WebPage","@id":"https:\/\/maklerbestand-verkaufen.com\/index.php\/impressum\/","url":"https:\/\/maklerbestand-verkaufen.com\/index.php\/impressum\/","name":"Impressum - Maklerbestand verkaufen: 030.56 555 940 \u2713","isPartOf":{"@id":"https:\/\/maklerbestand-verkaufen.com\/#website"},"datePublished":"2021-09-21T13:12:10+00:00","dateModified":"2021-09-21T13:37:20+00:00","breadcrumb":{"@id":"https:\/\/maklerbestand-verkaufen.com\/index.php\/impressum\/#breadcrumb"},"inLanguage":"de","potentialAction":[{"@type":"ReadAction","target":["https:\/\/maklerbestand-verkaufen.com\/index.php\/impressum\/"]}]},{"@type":"BreadcrumbList","@id":"https:\/\/maklerbestand-verkaufen.com\/index.php\/impressum\/#breadcrumb","itemListElement":[{"@type":"ListItem","position":1,"name":"Startseite","item":"https:\/\/maklerbestand-verkaufen.com\/"},{"@type":"ListItem","position":2,"name":"Impressum"}]},{"@type":"WebSite","@id":"https:\/\/maklerbestand-verkaufen.com\/#website","url":"https:\/\/maklerbestand-verkaufen.com\/","name":"Maklerbestand verkaufen: 030.56 555 940 \u2713","description":"Berlin \u2705 Berlin\/Umland \u2705 deutschlandlandweit \u2705 ","potentialAction":[{"@type":"SearchAction","target":{"@type":"EntryPoint","urlTemplate":"https:\/\/maklerbestand-verkaufen.com\/?s={search_term_string}"},"query-input":"required name=search_term_string"}],"inLanguage":"de"}]}},"_links":{"self":[{"href":"https:\/\/maklerbestand-verkaufen.com\/index.php\/wp-json\/wp\/v2\/pages\/84"}],"collection":[{"href":"https:\/\/maklerbestand-verkaufen.com\/index.php\/wp-json\/wp\/v2\/pages"}],"about":[{"href":"https:\/\/maklerbestand-verkaufen.com\/index.php\/wp-json\/wp\/v2\/types\/page"}],"author":[{"embeddable":true,"href":"https:\/\/maklerbestand-verkaufen.com\/index.php\/wp-json\/wp\/v2\/users\/1"}],"replies":[{"embeddable":true,"href":"https:\/\/maklerbestand-verkaufen.com\/index.php\/wp-json\/wp\/v2\/comments?post=84"}],"version-history":[{"count":6,"href":"https:\/\/maklerbestand-verkaufen.com\/index.php\/wp-json\/wp\/v2\/pages\/84\/revisions"}],"predecessor-version":[{"id":102,"href":"https:\/\/maklerbestand-verkaufen.com\/index.php\/wp-json\/wp\/v2\/pages\/84\/revisions\/102"}],"wp:attachment":[{"href":"https:\/\/maklerbestand-verkaufen.com\/index.php\/wp-json\/wp\/v2\/media?parent=84"}],"curies":[{"name":"wp","href":"https:\/\/api.w.org\/{rel}","templated":true}]}}